{"id":35,"date":"2024-11-02T14:58:07","date_gmt":"2024-11-02T17:58:07","guid":{"rendered":"https:\/\/klix.com.br\/site\/?page_id=35"},"modified":"2024-12-02T10:09:43","modified_gmt":"2024-12-02T13:09:43","slug":"historia","status":"publish","type":"page","link":"https:\/\/klix.com.br\/site\/historia\/","title":{"rendered":"Hist\u00f3ria"},"content":{"rendered":"\t\t<div data-elementor-type=\"wp-page\" data-elementor-id=\"35\" class=\"elementor elementor-35\" data-elementor-post-type=\"page\">\n\t\t\t\t<div class=\"elementor-element elementor-element-9fde1a8 e-flex e-con-boxed e-con e-parent\" data-id=\"9fde1a8\" data-element_type=\"container\" data-settings=\"{&quot;background_background&quot;:&quot;classic&quot;}\">\n\t\t\t\t\t<div class=\"e-con-inner\">\n\t\t<div class=\"elementor-element elementor-element-cc52192 e-con-full e-flex e-con e-child\" data-id=\"cc52192\" data-element_type=\"container\">\n\t\t\t\t<div class=\"elementor-element elementor-element-defb8af elementor-widget-divider--separator-type-pattern elementor-widget-divider--view-line elementor-invisible elementor-widget elementor-widget-divider\" data-id=\"defb8af\" data-element_type=\"widget\" data-settings=\"{&quot;_animation&quot;:&quot;slideInLeft&quot;}\" data-widget_type=\"divider.default\">\n\t\t\t\t<div class=\"elementor-widget-container\">\n\t\t\t\t\t<div class=\"elementor-divider\" style=\"--divider-pattern-url: url(&quot;data:image\/svg+xml,%3Csvg xmlns=&#039;http:\/\/www.w3.org\/2000\/svg&#039; preserveAspectRatio=&#039;none&#039; overflow=&#039;visible&#039; height=&#039;100%&#039; viewBox=&#039;0 0 24 24&#039; fill=&#039;black&#039; stroke=&#039;none&#039;%3E%3Cpath d=&#039;M12.7,2.3c-0.4-0.4-1.1-0.4-1.5,0l-8,9.1c-0.3,0.4-0.3,0.9,0,1.2l8,9.1c0.4,0.4,1.1,0.4,1.5,0l8-9.1c0.3-0.4,0.3-0.9,0-1.2L12.7,2.3z&#039;\/%3E%3C\/svg%3E&quot;);\">\n\t\t\t<span class=\"elementor-divider-separator\">\n\t\t\t\t\t\t<\/span>\n\t\t<\/div>\n\t\t\t\t<\/div>\n\t\t\t\t<\/div>\n\t\t\t\t<\/div>\n\t\t<div class=\"elementor-element elementor-element-5b2afc8 e-con-full e-flex e-con e-child\" data-id=\"5b2afc8\" data-element_type=\"container\">\n\t\t\t\t<div class=\"elementor-element elementor-element-37aaff6 elementor-invisible elementor-widget elementor-widget-text-editor\" data-id=\"37aaff6\" data-element_type=\"widget\" data-settings=\"{&quot;_animation&quot;:&quot;rotateInDownLeft&quot;,&quot;_animation_delay&quot;:500}\" data-widget_type=\"text-editor.default\">\n\t\t\t\t<div class=\"elementor-widget-container\">\n\t\t\t\t\t\t\t<p>Hist\u00f3ria<\/p>\t\t\t\t\t\t<\/div>\n\t\t\t\t<\/div>\n\t\t\t\t<\/div>\n\t\t<div class=\"elementor-element elementor-element-882d359 e-con-full e-flex e-con e-child\" data-id=\"882d359\" data-element_type=\"container\">\n\t\t\t\t<div class=\"elementor-element elementor-element-93ee99a elementor-widget-divider--separator-type-pattern elementor-widget-divider--view-line elementor-invisible elementor-widget elementor-widget-divider\" data-id=\"93ee99a\" data-element_type=\"widget\" data-settings=\"{&quot;_animation&quot;:&quot;fadeInRight&quot;}\" data-widget_type=\"divider.default\">\n\t\t\t\t<div class=\"elementor-widget-container\">\n\t\t\t\t\t<div class=\"elementor-divider\" style=\"--divider-pattern-url: url(&quot;data:image\/svg+xml,%3Csvg xmlns=&#039;http:\/\/www.w3.org\/2000\/svg&#039; preserveAspectRatio=&#039;none&#039; overflow=&#039;visible&#039; height=&#039;100%&#039; viewBox=&#039;0 0 24 24&#039; fill=&#039;black&#039; stroke=&#039;none&#039;%3E%3Cpath d=&#039;M12.7,2.3c-0.4-0.4-1.1-0.4-1.5,0l-8,9.1c-0.3,0.4-0.3,0.9,0,1.2l8,9.1c0.4,0.4,1.1,0.4,1.5,0l8-9.1c0.3-0.4,0.3-0.9,0-1.2L12.7,2.3z&#039;\/%3E%3C\/svg%3E&quot;);\">\n\t\t\t<span class=\"elementor-divider-separator\">\n\t\t\t\t\t\t<\/span>\n\t\t<\/div>\n\t\t\t\t<\/div>\n\t\t\t\t<\/div>\n\t\t\t\t<\/div>\n\t\t\t\t\t<\/div>\n\t\t\t\t<\/div>\n\t\t<div class=\"elementor-element elementor-element-96de089 e-flex e-con-boxed e-con e-parent\" data-id=\"96de089\" data-element_type=\"container\" data-settings=\"{&quot;background_background&quot;:&quot;classic&quot;}\">\n\t\t\t\t\t<div class=\"e-con-inner\">\n\t\t<div class=\"elementor-element elementor-element-16ae081 e-con-full e-flex e-con e-child\" data-id=\"16ae081\" data-element_type=\"container\" data-settings=\"{&quot;background_background&quot;:&quot;classic&quot;}\">\n\t\t<div class=\"elementor-element elementor-element-20decf7 e-con-full e-flex elementor-invisible e-con e-child\" data-id=\"20decf7\" data-element_type=\"container\" data-settings=\"{&quot;background_background&quot;:&quot;classic&quot;,&quot;animation&quot;:&quot;zoomIn&quot;,&quot;animation_delay&quot;:300}\">\n\t\t\t\t<div class=\"elementor-element elementor-element-99f7bd8 elementor-invisible elementor-widget elementor-widget-image\" data-id=\"99f7bd8\" data-element_type=\"widget\" data-settings=\"{&quot;_animation&quot;:&quot;slideInLeft&quot;,&quot;_animation_delay&quot;:1200}\" data-widget_type=\"image.default\">\n\t\t\t\t<div class=\"elementor-widget-container\">\n\t\t\t\t\t\t\t\t\t\t\t\t\t<img fetchpriority=\"high\" decoding=\"async\" width=\"640\" height=\"260\" src=\"https:\/\/klix.com.br\/site\/wp-content\/uploads\/2024\/10\/historia-1024x416.png\" class=\"attachment-large size-large wp-image-48\" alt=\"\" srcset=\"https:\/\/klix.com.br\/site\/wp-content\/uploads\/2024\/10\/historia-1024x416.png 1024w, https:\/\/klix.com.br\/site\/wp-content\/uploads\/2024\/10\/historia-300x122.png 300w, https:\/\/klix.com.br\/site\/wp-content\/uploads\/2024\/10\/historia-768x312.png 768w, https:\/\/klix.com.br\/site\/wp-content\/uploads\/2024\/10\/historia-1536x624.png 1536w, https:\/\/klix.com.br\/site\/wp-content\/uploads\/2024\/10\/historia-1568x637.png 1568w, https:\/\/klix.com.br\/site\/wp-content\/uploads\/2024\/10\/historia.png 1601w\" sizes=\"(max-width: 640px) 100vw, 640px\" \/>\t\t\t\t\t\t\t\t\t\t\t\t\t<\/div>\n\t\t\t\t<\/div>\n\t\t\t\t<\/div>\n\t\t\t\t<\/div>\n\t\t<div class=\"elementor-element elementor-element-84901a0 e-con-full e-flex e-con e-child\" data-id=\"84901a0\" data-element_type=\"container\">\n\t\t\t\t<div class=\"elementor-element elementor-element-11b3be3 elementor-invisible elementor-widget elementor-widget-text-editor\" data-id=\"11b3be3\" data-element_type=\"widget\" data-settings=\"{&quot;_animation&quot;:&quot;zoomInRight&quot;,&quot;_animation_delay&quot;:900}\" data-widget_type=\"text-editor.default\">\n\t\t\t\t<div class=\"elementor-widget-container\">\n\t\t\t\t\t\t\t<p>Quanto tempo, n\u00e3o \u00e9 mesmo?<\/p><p>Nem parece que, l\u00e1 em 1916, Arthur Klix, o nosso fundador, come\u00e7ou uma hist\u00f3ria de amizade e carinho pelas pessoas da nossa querida Joinville, ao abrir uma loja que at\u00e9 os dias de hoje, oferece j\u00f3ias e rel\u00f3gios bonitos e de qualidade, com pre\u00e7os justos.<\/p><p>O tempo passou, mas aquela vontade de fazer voc\u00ea sorrir n\u00e3o para. Acompanhando as mudan\u00e7as do mundo, a Klix se modernizou e ampliou sua atua\u00e7\u00e3o, marcando forte presen\u00e7a no mundo digital. Lembra daquela conversa gostosa do balc\u00e3o? Agora, a gente tamb\u00e9m tem nas redes sociais.<\/p><p>E \u00e9 assim que constru\u00edmos amizades com nossos clientes, coisa que tempo algum \u00e9 capaz de apagar.<\/p>\t\t\t\t\t\t<\/div>\n\t\t\t\t<\/div>\n\t\t\t\t<\/div>\n\t\t\t\t\t<\/div>\n\t\t\t\t<\/div>\n\t\t\t\t<\/div>\n\t\t","protected":false},"excerpt":{"rendered":"<p>Hist\u00f3ria Quanto tempo, n\u00e3o \u00e9 mesmo? Nem parece que, l\u00e1 em 1916, Arthur Klix, o nosso fundador, come\u00e7ou uma hist\u00f3ria de amizade e carinho pelas pessoas da nossa querida Joinville, ao abrir uma loja que at\u00e9 os dias de hoje, oferece j\u00f3ias e rel\u00f3gios bonitos e de qualidade, com pre\u00e7os justos. O tempo passou, mas &hellip; <\/p>\n<p class=\"link-more\"><a href=\"https:\/\/klix.com.br\/site\/historia\/\" class=\"more-link\">Continue lendo<span class=\"screen-reader-text\"> &#8220;Hist\u00f3ria&#8221;<\/span><\/a><\/p>\n","protected":false},"author":1,"featured_media":0,"parent":0,"menu_order":0,"comment_status":"closed","ping_status":"closed","template":"elementor_header_footer","meta":{"footnotes":""},"class_list":["post-35","page","type-page","status-publish","hentry","entry"],"yoast_head":"<!-- This site is optimized with the Yoast SEO plugin v24.0 - https:\/\/yoast.com\/wordpress\/plugins\/seo\/ -->\n<title>Hist\u00f3ria - Klix J\u00f3ias e Rel\u00f3gios<\/title>\n<meta name=\"robots\" content=\"index, follow, max-snippet:-1, max-image-preview:large, max-video-preview:-1\" \/>\n<link rel=\"canonical\" href=\"https:\/\/klix.com.br\/site\/historia\/\" \/>\n<meta property=\"og:locale\" content=\"pt_BR\" \/>\n<meta property=\"og:type\" content=\"article\" \/>\n<meta property=\"og:title\" content=\"Hist\u00f3ria - Klix J\u00f3ias e Rel\u00f3gios\" \/>\n<meta property=\"og:description\" content=\"Hist\u00f3ria Quanto tempo, n\u00e3o \u00e9 mesmo? Nem parece que, l\u00e1 em 1916, Arthur Klix, o nosso fundador, come\u00e7ou uma hist\u00f3ria de amizade e carinho pelas pessoas da nossa querida Joinville, ao abrir uma loja que at\u00e9 os dias de hoje, oferece j\u00f3ias e rel\u00f3gios bonitos e de qualidade, com pre\u00e7os justos. O tempo passou, mas &hellip; Continue lendo &quot;Hist\u00f3ria&quot;\" \/>\n<meta property=\"og:url\" content=\"https:\/\/klix.com.br\/site\/historia\/\" \/>\n<meta property=\"og:site_name\" content=\"Klix J\u00f3ias e Rel\u00f3gios\" \/>\n<meta property=\"article:publisher\" content=\"https:\/\/www.facebook.com\/relojoariaklix\" \/>\n<meta property=\"article:modified_time\" content=\"2024-12-02T13:09:43+00:00\" \/>\n<meta property=\"og:image\" content=\"http:\/\/klix.com.br\/site\/wp-content\/uploads\/2024\/10\/historia-1024x416.png\" \/>\n<meta name=\"twitter:card\" content=\"summary_large_image\" \/>\n<meta name=\"twitter:label1\" content=\"Est. tempo de leitura\" \/>\n\t<meta name=\"twitter:data1\" content=\"1 minuto\" \/>\n<script type=\"application\/ld+json\" class=\"yoast-schema-graph\">{\"@context\":\"https:\/\/schema.org\",\"@graph\":[{\"@type\":\"WebPage\",\"@id\":\"https:\/\/klix.com.br\/site\/historia\/\",\"url\":\"https:\/\/klix.com.br\/site\/historia\/\",\"name\":\"Hist\u00f3ria - Klix J\u00f3ias e Rel\u00f3gios\",\"isPartOf\":{\"@id\":\"https:\/\/klix.com.br\/site\/#website\"},\"primaryImageOfPage\":{\"@id\":\"https:\/\/klix.com.br\/site\/historia\/#primaryimage\"},\"image\":{\"@id\":\"https:\/\/klix.com.br\/site\/historia\/#primaryimage\"},\"thumbnailUrl\":\"http:\/\/klix.com.br\/site\/wp-content\/uploads\/2024\/10\/historia-1024x416.png\",\"datePublished\":\"2024-11-02T17:58:07+00:00\",\"dateModified\":\"2024-12-02T13:09:43+00:00\",\"breadcrumb\":{\"@id\":\"https:\/\/klix.com.br\/site\/historia\/#breadcrumb\"},\"inLanguage\":\"pt-BR\",\"potentialAction\":[{\"@type\":\"ReadAction\",\"target\":[\"https:\/\/klix.com.br\/site\/historia\/\"]}]},{\"@type\":\"ImageObject\",\"inLanguage\":\"pt-BR\",\"@id\":\"https:\/\/klix.com.br\/site\/historia\/#primaryimage\",\"url\":\"http:\/\/klix.com.br\/site\/wp-content\/uploads\/2024\/10\/historia-1024x416.png\",\"contentUrl\":\"http:\/\/klix.com.br\/site\/wp-content\/uploads\/2024\/10\/historia-1024x416.png\"},{\"@type\":\"BreadcrumbList\",\"@id\":\"https:\/\/klix.com.br\/site\/historia\/#breadcrumb\",\"itemListElement\":[{\"@type\":\"ListItem\",\"position\":1,\"name\":\"In\u00edcio\",\"item\":\"https:\/\/klix.com.br\/site\/\"},{\"@type\":\"ListItem\",\"position\":2,\"name\":\"Hist\u00f3ria\"}]},{\"@type\":\"WebSite\",\"@id\":\"https:\/\/klix.com.br\/site\/#website\",\"url\":\"https:\/\/klix.com.br\/site\/\",\"name\":\"Klix J\u00f3ias e Rel\u00f3gios\",\"description\":\"Klix J\u00f3ias e Rel\u00f3gios | Joalheria e Relojoaria | Joinville.\",\"publisher\":{\"@id\":\"https:\/\/klix.com.br\/site\/#organization\"},\"alternateName\":\"Joalheria e Relojoaria Klix\",\"potentialAction\":[{\"@type\":\"SearchAction\",\"target\":{\"@type\":\"EntryPoint\",\"urlTemplate\":\"https:\/\/klix.com.br\/site\/?s={search_term_string}\"},\"query-input\":{\"@type\":\"PropertyValueSpecification\",\"valueRequired\":true,\"valueName\":\"search_term_string\"}}],\"inLanguage\":\"pt-BR\"},{\"@type\":\"Organization\",\"@id\":\"https:\/\/klix.com.br\/site\/#organization\",\"name\":\"Klix J\u00f3ias e Rel\u00f3gios\",\"alternateName\":\"Reolojoaria Klix\",\"url\":\"https:\/\/klix.com.br\/site\/\",\"logo\":{\"@type\":\"ImageObject\",\"inLanguage\":\"pt-BR\",\"@id\":\"https:\/\/klix.com.br\/site\/#\/schema\/logo\/image\/\",\"url\":\"https:\/\/klix.com.br\/site\/wp-content\/uploads\/2024\/10\/logo-klix-normal-min.png\",\"contentUrl\":\"https:\/\/klix.com.br\/site\/wp-content\/uploads\/2024\/10\/logo-klix-normal-min.png\",\"width\":304,\"height\":248,\"caption\":\"Klix J\u00f3ias e Rel\u00f3gios\"},\"image\":{\"@id\":\"https:\/\/klix.com.br\/site\/#\/schema\/logo\/image\/\"},\"sameAs\":[\"https:\/\/www.facebook.com\/relojoariaklix\",\"https:\/\/www.instagram.com\/klix_joias\/\"]}]}<\/script>\n<!-- \/ Yoast SEO plugin. -->","yoast_head_json":{"title":"Hist\u00f3ria - Klix J\u00f3ias e Rel\u00f3gios","robots":{"index":"index","follow":"follow","max-snippet":"max-snippet:-1","max-image-preview":"max-image-preview:large","max-video-preview":"max-video-preview:-1"},"canonical":"https:\/\/klix.com.br\/site\/historia\/","og_locale":"pt_BR","og_type":"article","og_title":"Hist\u00f3ria - Klix J\u00f3ias e Rel\u00f3gios","og_description":"Hist\u00f3ria Quanto tempo, n\u00e3o \u00e9 mesmo? Nem parece que, l\u00e1 em 1916, Arthur Klix, o nosso fundador, come\u00e7ou uma hist\u00f3ria de amizade e carinho pelas pessoas da nossa querida Joinville, ao abrir uma loja que at\u00e9 os dias de hoje, oferece j\u00f3ias e rel\u00f3gios bonitos e de qualidade, com pre\u00e7os justos. O tempo passou, mas &hellip; Continue lendo \"Hist\u00f3ria\"","og_url":"https:\/\/klix.com.br\/site\/historia\/","og_site_name":"Klix J\u00f3ias e Rel\u00f3gios","article_publisher":"https:\/\/www.facebook.com\/relojoariaklix","article_modified_time":"2024-12-02T13:09:43+00:00","og_image":[{"url":"http:\/\/klix.com.br\/site\/wp-content\/uploads\/2024\/10\/historia-1024x416.png","type":"","width":"","height":""}],"twitter_card":"summary_large_image","twitter_misc":{"Est. tempo de leitura":"1 minuto"},"schema":{"@context":"https:\/\/schema.org","@graph":[{"@type":"WebPage","@id":"https:\/\/klix.com.br\/site\/historia\/","url":"https:\/\/klix.com.br\/site\/historia\/","name":"Hist\u00f3ria - Klix J\u00f3ias e Rel\u00f3gios","isPartOf":{"@id":"https:\/\/klix.com.br\/site\/#website"},"primaryImageOfPage":{"@id":"https:\/\/klix.com.br\/site\/historia\/#primaryimage"},"image":{"@id":"https:\/\/klix.com.br\/site\/historia\/#primaryimage"},"thumbnailUrl":"http:\/\/klix.com.br\/site\/wp-content\/uploads\/2024\/10\/historia-1024x416.png","datePublished":"2024-11-02T17:58:07+00:00","dateModified":"2024-12-02T13:09:43+00:00","breadcrumb":{"@id":"https:\/\/klix.com.br\/site\/historia\/#breadcrumb"},"inLanguage":"pt-BR","potentialAction":[{"@type":"ReadAction","target":["https:\/\/klix.com.br\/site\/historia\/"]}]},{"@type":"ImageObject","inLanguage":"pt-BR","@id":"https:\/\/klix.com.br\/site\/historia\/#primaryimage","url":"http:\/\/klix.com.br\/site\/wp-content\/uploads\/2024\/10\/historia-1024x416.png","contentUrl":"http:\/\/klix.com.br\/site\/wp-content\/uploads\/2024\/10\/historia-1024x416.png"},{"@type":"BreadcrumbList","@id":"https:\/\/klix.com.br\/site\/historia\/#breadcrumb","itemListElement":[{"@type":"ListItem","position":1,"name":"In\u00edcio","item":"https:\/\/klix.com.br\/site\/"},{"@type":"ListItem","position":2,"name":"Hist\u00f3ria"}]},{"@type":"WebSite","@id":"https:\/\/klix.com.br\/site\/#website","url":"https:\/\/klix.com.br\/site\/","name":"Klix J\u00f3ias e Rel\u00f3gios","description":"Klix J\u00f3ias e Rel\u00f3gios | Joalheria e Relojoaria | Joinville.","publisher":{"@id":"https:\/\/klix.com.br\/site\/#organization"},"alternateName":"Joalheria e Relojoaria Klix","potentialAction":[{"@type":"SearchAction","target":{"@type":"EntryPoint","urlTemplate":"https:\/\/klix.com.br\/site\/?s={search_term_string}"},"query-input":{"@type":"PropertyValueSpecification","valueRequired":true,"valueName":"search_term_string"}}],"inLanguage":"pt-BR"},{"@type":"Organization","@id":"https:\/\/klix.com.br\/site\/#organization","name":"Klix J\u00f3ias e Rel\u00f3gios","alternateName":"Reolojoaria Klix","url":"https:\/\/klix.com.br\/site\/","logo":{"@type":"ImageObject","inLanguage":"pt-BR","@id":"https:\/\/klix.com.br\/site\/#\/schema\/logo\/image\/","url":"https:\/\/klix.com.br\/site\/wp-content\/uploads\/2024\/10\/logo-klix-normal-min.png","contentUrl":"https:\/\/klix.com.br\/site\/wp-content\/uploads\/2024\/10\/logo-klix-normal-min.png","width":304,"height":248,"caption":"Klix J\u00f3ias e Rel\u00f3gios"},"image":{"@id":"https:\/\/klix.com.br\/site\/#\/schema\/logo\/image\/"},"sameAs":["https:\/\/www.facebook.com\/relojoariaklix","https:\/\/www.instagram.com\/klix_joias\/"]}]}},"_links":{"self":[{"href":"https:\/\/klix.com.br\/site\/wp-json\/wp\/v2\/pages\/35","targetHints":{"allow":["GET"]}}],"collection":[{"href":"https:\/\/klix.com.br\/site\/wp-json\/wp\/v2\/pages"}],"about":[{"href":"https:\/\/klix.com.br\/site\/wp-json\/wp\/v2\/types\/page"}],"author":[{"embeddable":true,"href":"https:\/\/klix.com.br\/site\/wp-json\/wp\/v2\/users\/1"}],"replies":[{"embeddable":true,"href":"https:\/\/klix.com.br\/site\/wp-json\/wp\/v2\/comments?post=35"}],"version-history":[{"count":118,"href":"https:\/\/klix.com.br\/site\/wp-json\/wp\/v2\/pages\/35\/revisions"}],"predecessor-version":[{"id":496,"href":"https:\/\/klix.com.br\/site\/wp-json\/wp\/v2\/pages\/35\/revisions\/496"}],"wp:attachment":[{"href":"https:\/\/klix.com.br\/site\/wp-json\/wp\/v2\/media?parent=35"}],"curies":[{"name":"wp","href":"https:\/\/api.w.org\/{rel}","templated":true}]}}