{"id":62,"date":"2024-11-02T15:44:07","date_gmt":"2024-11-02T18:44:07","guid":{"rendered":"https:\/\/klix.com.br\/site\/?page_id=62"},"modified":"2024-12-02T10:18:56","modified_gmt":"2024-12-02T13:18:56","slug":"case-facebook","status":"publish","type":"page","link":"https:\/\/klix.com.br\/site\/case-facebook\/","title":{"rendered":"Case Facebook"},"content":{"rendered":"\t\t<div data-elementor-type=\"wp-page\" data-elementor-id=\"62\" class=\"elementor elementor-62\" data-elementor-post-type=\"page\">\n\t\t\t\t<div class=\"elementor-element elementor-element-872c1fb e-flex e-con-boxed e-con e-parent\" data-id=\"872c1fb\" data-element_type=\"container\" data-settings=\"{&quot;background_background&quot;:&quot;classic&quot;}\">\n\t\t\t\t\t<div class=\"e-con-inner\">\n\t\t<div class=\"elementor-element elementor-element-1ea4ce85 e-con-full e-flex e-con e-child\" data-id=\"1ea4ce85\" data-element_type=\"container\">\n\t\t\t\t<div class=\"elementor-element elementor-element-48d2e2d0 elementor-widget-divider--separator-type-pattern elementor-widget-divider--view-line elementor-invisible elementor-widget elementor-widget-divider\" data-id=\"48d2e2d0\" data-element_type=\"widget\" data-settings=\"{&quot;_animation&quot;:&quot;slideInLeft&quot;}\" data-widget_type=\"divider.default\">\n\t\t\t\t<div class=\"elementor-widget-container\">\n\t\t\t\t\t<div class=\"elementor-divider\" style=\"--divider-pattern-url: url(&quot;data:image\/svg+xml,%3Csvg xmlns=&#039;http:\/\/www.w3.org\/2000\/svg&#039; preserveAspectRatio=&#039;none&#039; overflow=&#039;visible&#039; height=&#039;100%&#039; viewBox=&#039;0 0 24 24&#039; fill=&#039;black&#039; stroke=&#039;none&#039;%3E%3Cpath d=&#039;M12.7,2.3c-0.4-0.4-1.1-0.4-1.5,0l-8,9.1c-0.3,0.4-0.3,0.9,0,1.2l8,9.1c0.4,0.4,1.1,0.4,1.5,0l8-9.1c0.3-0.4,0.3-0.9,0-1.2L12.7,2.3z&#039;\/%3E%3C\/svg%3E&quot;);\">\n\t\t\t<span class=\"elementor-divider-separator\">\n\t\t\t\t\t\t<\/span>\n\t\t<\/div>\n\t\t\t\t<\/div>\n\t\t\t\t<\/div>\n\t\t\t\t<\/div>\n\t\t<div class=\"elementor-element elementor-element-418892b8 e-con-full e-flex e-con e-child\" data-id=\"418892b8\" data-element_type=\"container\">\n\t\t\t\t<div class=\"elementor-element elementor-element-55e6dc83 elementor-invisible elementor-widget elementor-widget-text-editor\" data-id=\"55e6dc83\" data-element_type=\"widget\" data-settings=\"{&quot;_animation&quot;:&quot;rotateInDownLeft&quot;,&quot;_animation_delay&quot;:500}\" data-widget_type=\"text-editor.default\">\n\t\t\t\t<div class=\"elementor-widget-container\">\n\t\t\t\t\t\t\t<p>Case Facebok<\/p>\t\t\t\t\t\t<\/div>\n\t\t\t\t<\/div>\n\t\t\t\t<\/div>\n\t\t<div class=\"elementor-element elementor-element-4bb9b6e3 e-con-full e-flex e-con e-child\" data-id=\"4bb9b6e3\" data-element_type=\"container\">\n\t\t\t\t<div class=\"elementor-element elementor-element-6856cc8 elementor-widget-divider--separator-type-pattern elementor-widget-divider--view-line elementor-invisible elementor-widget elementor-widget-divider\" data-id=\"6856cc8\" data-element_type=\"widget\" data-settings=\"{&quot;_animation&quot;:&quot;fadeInRight&quot;}\" data-widget_type=\"divider.default\">\n\t\t\t\t<div class=\"elementor-widget-container\">\n\t\t\t\t\t<div class=\"elementor-divider\" style=\"--divider-pattern-url: url(&quot;data:image\/svg+xml,%3Csvg xmlns=&#039;http:\/\/www.w3.org\/2000\/svg&#039; preserveAspectRatio=&#039;none&#039; overflow=&#039;visible&#039; height=&#039;100%&#039; viewBox=&#039;0 0 24 24&#039; fill=&#039;black&#039; stroke=&#039;none&#039;%3E%3Cpath d=&#039;M12.7,2.3c-0.4-0.4-1.1-0.4-1.5,0l-8,9.1c-0.3,0.4-0.3,0.9,0,1.2l8,9.1c0.4,0.4,1.1,0.4,1.5,0l8-9.1c0.3-0.4,0.3-0.9,0-1.2L12.7,2.3z&#039;\/%3E%3C\/svg%3E&quot;);\">\n\t\t\t<span class=\"elementor-divider-separator\">\n\t\t\t\t\t\t<\/span>\n\t\t<\/div>\n\t\t\t\t<\/div>\n\t\t\t\t<\/div>\n\t\t\t\t<\/div>\n\t\t\t\t\t<\/div>\n\t\t\t\t<\/div>\n\t\t<div class=\"elementor-element elementor-element-4525db78 e-flex e-con-boxed e-con e-parent\" data-id=\"4525db78\" data-element_type=\"container\" data-settings=\"{&quot;background_background&quot;:&quot;classic&quot;}\">\n\t\t\t\t\t<div class=\"e-con-inner\">\n\t\t<div class=\"elementor-element elementor-element-46eb9e90 e-con-full e-flex e-con e-child\" data-id=\"46eb9e90\" data-element_type=\"container\" data-settings=\"{&quot;background_background&quot;:&quot;classic&quot;}\">\n\t\t<div class=\"elementor-element elementor-element-440a73c2 e-con-full e-flex elementor-invisible e-con e-child\" data-id=\"440a73c2\" data-element_type=\"container\" data-settings=\"{&quot;background_background&quot;:&quot;classic&quot;,&quot;animation&quot;:&quot;zoomIn&quot;,&quot;animation_delay&quot;:300}\">\n\t\t\t\t<div class=\"elementor-element elementor-element-486e03a6 elementor-invisible elementor-widget elementor-widget-image\" data-id=\"486e03a6\" data-element_type=\"widget\" data-settings=\"{&quot;_animation&quot;:&quot;slideInLeft&quot;,&quot;_animation_delay&quot;:1200}\" data-widget_type=\"image.default\">\n\t\t\t\t<div class=\"elementor-widget-container\">\n\t\t\t\t\t\t\t\t\t\t\t\t\t<img fetchpriority=\"high\" decoding=\"async\" width=\"599\" height=\"200\" src=\"https:\/\/klix.com.br\/site\/wp-content\/uploads\/2024\/10\/imagem-facebook.png\" class=\"attachment-large size-large wp-image-49\" alt=\"\" srcset=\"https:\/\/klix.com.br\/site\/wp-content\/uploads\/2024\/10\/imagem-facebook.png 599w, https:\/\/klix.com.br\/site\/wp-content\/uploads\/2024\/10\/imagem-facebook-300x100.png 300w\" sizes=\"(max-width: 599px) 100vw, 599px\" \/>\t\t\t\t\t\t\t\t\t\t\t\t\t<\/div>\n\t\t\t\t<\/div>\n\t\t\t\t<\/div>\n\t\t\t\t<\/div>\n\t\t<div class=\"elementor-element elementor-element-4ce77378 e-con-full e-flex e-con e-child\" data-id=\"4ce77378\" data-element_type=\"container\">\n\t\t\t\t<div class=\"elementor-element elementor-element-178f0160 elementor-invisible elementor-widget elementor-widget-text-editor\" data-id=\"178f0160\" data-element_type=\"widget\" data-settings=\"{&quot;_animation&quot;:&quot;zoomInRight&quot;,&quot;_animation_delay&quot;:900}\" data-widget_type=\"text-editor.default\">\n\t\t\t\t<div class=\"elementor-widget-container\">\n\t\t\t\t\t\t\t<p>E quem diria que ter\u00edamos um caso com o Facebook?<\/p><p>Em 2017 a Klix foi descoberta pelo Facebook e n\u00f3s formamos um case de sucesso e refer\u00eancia para ajudar empreendedores.<\/p><p>Nossa hist\u00f3ria virou v\u00eddeo utilizado nos programas Impulsione com o Facebook.<\/p><p>Quer saber mais sobre este nosso caso? <a href=\"https:\/\/www.facebook.com\/business\/news\/klix-joias-e-relogios\" target=\"_blank\" rel=\"noopener\">CLIQUE AQUI NESSE LINK<\/a> e veja que incr\u00edvel.<\/p>\t\t\t\t\t\t<\/div>\n\t\t\t\t<\/div>\n\t\t\t\t<\/div>\n\t\t\t\t\t<\/div>\n\t\t\t\t<\/div>\n\t\t\t\t<\/div>\n\t\t","protected":false},"excerpt":{"rendered":"<p>Case Facebok E quem diria que ter\u00edamos um caso com o Facebook? Em 2017 a Klix foi descoberta pelo Facebook e n\u00f3s formamos um case de sucesso e refer\u00eancia para ajudar empreendedores. Nossa hist\u00f3ria virou v\u00eddeo utilizado nos programas Impulsione com o Facebook. Quer saber mais sobre este nosso caso? CLIQUE AQUI NESSE LINK e &hellip; <\/p>\n<p class=\"link-more\"><a href=\"https:\/\/klix.com.br\/site\/case-facebook\/\" class=\"more-link\">Continue lendo<span class=\"screen-reader-text\"> &#8220;Case Facebook&#8221;<\/span><\/a><\/p>\n","protected":false},"author":1,"featured_media":0,"parent":0,"menu_order":0,"comment_status":"closed","ping_status":"closed","template":"elementor_header_footer","meta":{"footnotes":""},"class_list":["post-62","page","type-page","status-publish","hentry","entry"],"yoast_head":"<!-- This site is optimized with the Yoast SEO plugin v24.0 - https:\/\/yoast.com\/wordpress\/plugins\/seo\/ -->\n<title>Case Facebook - Klix J\u00f3ias e Rel\u00f3gios<\/title>\n<meta name=\"robots\" content=\"index, follow, max-snippet:-1, max-image-preview:large, max-video-preview:-1\" \/>\n<link rel=\"canonical\" href=\"https:\/\/klix.com.br\/site\/case-facebook\/\" \/>\n<meta property=\"og:locale\" content=\"pt_BR\" \/>\n<meta property=\"og:type\" content=\"article\" \/>\n<meta property=\"og:title\" content=\"Case Facebook - Klix J\u00f3ias e Rel\u00f3gios\" \/>\n<meta property=\"og:description\" content=\"Case Facebok E quem diria que ter\u00edamos um caso com o Facebook? Em 2017 a Klix foi descoberta pelo Facebook e n\u00f3s formamos um case de sucesso e refer\u00eancia para ajudar empreendedores. Nossa hist\u00f3ria virou v\u00eddeo utilizado nos programas Impulsione com o Facebook. Quer saber mais sobre este nosso caso? CLIQUE AQUI NESSE LINK e &hellip; Continue lendo &quot;Case Facebook&quot;\" \/>\n<meta property=\"og:url\" content=\"https:\/\/klix.com.br\/site\/case-facebook\/\" \/>\n<meta property=\"og:site_name\" content=\"Klix J\u00f3ias e Rel\u00f3gios\" \/>\n<meta property=\"article:publisher\" content=\"https:\/\/www.facebook.com\/relojoariaklix\" \/>\n<meta property=\"article:modified_time\" content=\"2024-12-02T13:18:56+00:00\" \/>\n<meta property=\"og:image\" content=\"http:\/\/klix.com.br\/site\/wp-content\/uploads\/2024\/10\/imagem-facebook.png\" \/>\n<meta name=\"twitter:card\" content=\"summary_large_image\" \/>\n<script type=\"application\/ld+json\" class=\"yoast-schema-graph\">{\"@context\":\"https:\/\/schema.org\",\"@graph\":[{\"@type\":\"WebPage\",\"@id\":\"https:\/\/klix.com.br\/site\/case-facebook\/\",\"url\":\"https:\/\/klix.com.br\/site\/case-facebook\/\",\"name\":\"Case Facebook - Klix J\u00f3ias e Rel\u00f3gios\",\"isPartOf\":{\"@id\":\"https:\/\/klix.com.br\/site\/#website\"},\"primaryImageOfPage\":{\"@id\":\"https:\/\/klix.com.br\/site\/case-facebook\/#primaryimage\"},\"image\":{\"@id\":\"https:\/\/klix.com.br\/site\/case-facebook\/#primaryimage\"},\"thumbnailUrl\":\"http:\/\/klix.com.br\/site\/wp-content\/uploads\/2024\/10\/imagem-facebook.png\",\"datePublished\":\"2024-11-02T18:44:07+00:00\",\"dateModified\":\"2024-12-02T13:18:56+00:00\",\"breadcrumb\":{\"@id\":\"https:\/\/klix.com.br\/site\/case-facebook\/#breadcrumb\"},\"inLanguage\":\"pt-BR\",\"potentialAction\":[{\"@type\":\"ReadAction\",\"target\":[\"https:\/\/klix.com.br\/site\/case-facebook\/\"]}]},{\"@type\":\"ImageObject\",\"inLanguage\":\"pt-BR\",\"@id\":\"https:\/\/klix.com.br\/site\/case-facebook\/#primaryimage\",\"url\":\"http:\/\/klix.com.br\/site\/wp-content\/uploads\/2024\/10\/imagem-facebook.png\",\"contentUrl\":\"http:\/\/klix.com.br\/site\/wp-content\/uploads\/2024\/10\/imagem-facebook.png\"},{\"@type\":\"BreadcrumbList\",\"@id\":\"https:\/\/klix.com.br\/site\/case-facebook\/#breadcrumb\",\"itemListElement\":[{\"@type\":\"ListItem\",\"position\":1,\"name\":\"In\u00edcio\",\"item\":\"https:\/\/klix.com.br\/site\/\"},{\"@type\":\"ListItem\",\"position\":2,\"name\":\"Case Facebook\"}]},{\"@type\":\"WebSite\",\"@id\":\"https:\/\/klix.com.br\/site\/#website\",\"url\":\"https:\/\/klix.com.br\/site\/\",\"name\":\"Klix J\u00f3ias e Rel\u00f3gios\",\"description\":\"Klix J\u00f3ias e Rel\u00f3gios | Joalheria e Relojoaria | Joinville.\",\"publisher\":{\"@id\":\"https:\/\/klix.com.br\/site\/#organization\"},\"alternateName\":\"Joalheria e Relojoaria Klix\",\"potentialAction\":[{\"@type\":\"SearchAction\",\"target\":{\"@type\":\"EntryPoint\",\"urlTemplate\":\"https:\/\/klix.com.br\/site\/?s={search_term_string}\"},\"query-input\":{\"@type\":\"PropertyValueSpecification\",\"valueRequired\":true,\"valueName\":\"search_term_string\"}}],\"inLanguage\":\"pt-BR\"},{\"@type\":\"Organization\",\"@id\":\"https:\/\/klix.com.br\/site\/#organization\",\"name\":\"Klix J\u00f3ias e Rel\u00f3gios\",\"alternateName\":\"Reolojoaria Klix\",\"url\":\"https:\/\/klix.com.br\/site\/\",\"logo\":{\"@type\":\"ImageObject\",\"inLanguage\":\"pt-BR\",\"@id\":\"https:\/\/klix.com.br\/site\/#\/schema\/logo\/image\/\",\"url\":\"https:\/\/klix.com.br\/site\/wp-content\/uploads\/2024\/10\/logo-klix-normal-min.png\",\"contentUrl\":\"https:\/\/klix.com.br\/site\/wp-content\/uploads\/2024\/10\/logo-klix-normal-min.png\",\"width\":304,\"height\":248,\"caption\":\"Klix J\u00f3ias e Rel\u00f3gios\"},\"image\":{\"@id\":\"https:\/\/klix.com.br\/site\/#\/schema\/logo\/image\/\"},\"sameAs\":[\"https:\/\/www.facebook.com\/relojoariaklix\",\"https:\/\/www.instagram.com\/klix_joias\/\"]}]}<\/script>\n<!-- \/ Yoast SEO plugin. -->","yoast_head_json":{"title":"Case Facebook - Klix J\u00f3ias e Rel\u00f3gios","robots":{"index":"index","follow":"follow","max-snippet":"max-snippet:-1","max-image-preview":"max-image-preview:large","max-video-preview":"max-video-preview:-1"},"canonical":"https:\/\/klix.com.br\/site\/case-facebook\/","og_locale":"pt_BR","og_type":"article","og_title":"Case Facebook - Klix J\u00f3ias e Rel\u00f3gios","og_description":"Case Facebok E quem diria que ter\u00edamos um caso com o Facebook? Em 2017 a Klix foi descoberta pelo Facebook e n\u00f3s formamos um case de sucesso e refer\u00eancia para ajudar empreendedores. Nossa hist\u00f3ria virou v\u00eddeo utilizado nos programas Impulsione com o Facebook. Quer saber mais sobre este nosso caso? CLIQUE AQUI NESSE LINK e &hellip; Continue lendo \"Case Facebook\"","og_url":"https:\/\/klix.com.br\/site\/case-facebook\/","og_site_name":"Klix J\u00f3ias e Rel\u00f3gios","article_publisher":"https:\/\/www.facebook.com\/relojoariaklix","article_modified_time":"2024-12-02T13:18:56+00:00","og_image":[{"url":"http:\/\/klix.com.br\/site\/wp-content\/uploads\/2024\/10\/imagem-facebook.png","type":"","width":"","height":""}],"twitter_card":"summary_large_image","schema":{"@context":"https:\/\/schema.org","@graph":[{"@type":"WebPage","@id":"https:\/\/klix.com.br\/site\/case-facebook\/","url":"https:\/\/klix.com.br\/site\/case-facebook\/","name":"Case Facebook - Klix J\u00f3ias e Rel\u00f3gios","isPartOf":{"@id":"https:\/\/klix.com.br\/site\/#website"},"primaryImageOfPage":{"@id":"https:\/\/klix.com.br\/site\/case-facebook\/#primaryimage"},"image":{"@id":"https:\/\/klix.com.br\/site\/case-facebook\/#primaryimage"},"thumbnailUrl":"http:\/\/klix.com.br\/site\/wp-content\/uploads\/2024\/10\/imagem-facebook.png","datePublished":"2024-11-02T18:44:07+00:00","dateModified":"2024-12-02T13:18:56+00:00","breadcrumb":{"@id":"https:\/\/klix.com.br\/site\/case-facebook\/#breadcrumb"},"inLanguage":"pt-BR","potentialAction":[{"@type":"ReadAction","target":["https:\/\/klix.com.br\/site\/case-facebook\/"]}]},{"@type":"ImageObject","inLanguage":"pt-BR","@id":"https:\/\/klix.com.br\/site\/case-facebook\/#primaryimage","url":"http:\/\/klix.com.br\/site\/wp-content\/uploads\/2024\/10\/imagem-facebook.png","contentUrl":"http:\/\/klix.com.br\/site\/wp-content\/uploads\/2024\/10\/imagem-facebook.png"},{"@type":"BreadcrumbList","@id":"https:\/\/klix.com.br\/site\/case-facebook\/#breadcrumb","itemListElement":[{"@type":"ListItem","position":1,"name":"In\u00edcio","item":"https:\/\/klix.com.br\/site\/"},{"@type":"ListItem","position":2,"name":"Case Facebook"}]},{"@type":"WebSite","@id":"https:\/\/klix.com.br\/site\/#website","url":"https:\/\/klix.com.br\/site\/","name":"Klix J\u00f3ias e Rel\u00f3gios","description":"Klix J\u00f3ias e Rel\u00f3gios | Joalheria e Relojoaria | Joinville.","publisher":{"@id":"https:\/\/klix.com.br\/site\/#organization"},"alternateName":"Joalheria e Relojoaria Klix","potentialAction":[{"@type":"SearchAction","target":{"@type":"EntryPoint","urlTemplate":"https:\/\/klix.com.br\/site\/?s={search_term_string}"},"query-input":{"@type":"PropertyValueSpecification","valueRequired":true,"valueName":"search_term_string"}}],"inLanguage":"pt-BR"},{"@type":"Organization","@id":"https:\/\/klix.com.br\/site\/#organization","name":"Klix J\u00f3ias e Rel\u00f3gios","alternateName":"Reolojoaria Klix","url":"https:\/\/klix.com.br\/site\/","logo":{"@type":"ImageObject","inLanguage":"pt-BR","@id":"https:\/\/klix.com.br\/site\/#\/schema\/logo\/image\/","url":"https:\/\/klix.com.br\/site\/wp-content\/uploads\/2024\/10\/logo-klix-normal-min.png","contentUrl":"https:\/\/klix.com.br\/site\/wp-content\/uploads\/2024\/10\/logo-klix-normal-min.png","width":304,"height":248,"caption":"Klix J\u00f3ias e Rel\u00f3gios"},"image":{"@id":"https:\/\/klix.com.br\/site\/#\/schema\/logo\/image\/"},"sameAs":["https:\/\/www.facebook.com\/relojoariaklix","https:\/\/www.instagram.com\/klix_joias\/"]}]}},"_links":{"self":[{"href":"https:\/\/klix.com.br\/site\/wp-json\/wp\/v2\/pages\/62","targetHints":{"allow":["GET"]}}],"collection":[{"href":"https:\/\/klix.com.br\/site\/wp-json\/wp\/v2\/pages"}],"about":[{"href":"https:\/\/klix.com.br\/site\/wp-json\/wp\/v2\/types\/page"}],"author":[{"embeddable":true,"href":"https:\/\/klix.com.br\/site\/wp-json\/wp\/v2\/users\/1"}],"replies":[{"embeddable":true,"href":"https:\/\/klix.com.br\/site\/wp-json\/wp\/v2\/comments?post=62"}],"version-history":[{"count":25,"href":"https:\/\/klix.com.br\/site\/wp-json\/wp\/v2\/pages\/62\/revisions"}],"predecessor-version":[{"id":508,"href":"https:\/\/klix.com.br\/site\/wp-json\/wp\/v2\/pages\/62\/revisions\/508"}],"wp:attachment":[{"href":"https:\/\/klix.com.br\/site\/wp-json\/wp\/v2\/media?parent=62"}],"curies":[{"name":"wp","href":"https:\/\/api.w.org\/{rel}","templated":true}]}}